{"id":81,"date":"2025-08-07T17:14:37","date_gmt":"2025-08-07T14:14:37","guid":{"rendered":"http:\/\/bestezemin.com.tr\/?page_id=81"},"modified":"2025-08-11T16:16:11","modified_gmt":"2025-08-11T13:16:11","slug":"iksa-sistemleri","status":"publish","type":"page","link":"https:\/\/bestezemin.com.tr\/index.php\/iksa-sistemleri\/","title":{"rendered":"\u0130ksa Sistemleri"},"content":{"rendered":"\t\t<div data-elementor-type=\"wp-page\" data-elementor-id=\"81\" class=\"elementor elementor-81\">\n\t\t\t\t<div class=\"elementor-element elementor-element-945e343 e-flex e-con-boxed e-con e-parent\" data-id=\"945e343\" data-element_type=\"container\">\n\t\t\t\t\t<div class=\"e-con-inner\">\n\t\t\t\t<div class=\"elementor-element elementor-element-bbcb3fa elementor-widget elementor-widget-heading\" data-id=\"bbcb3fa\" data-element_type=\"widget\" data-widget_type=\"heading.default\">\n\t\t\t\t\t<h2 class=\"elementor-heading-title elementor-size-default\">B\u0130ZE ULA\u015eIN<\/h2>\t\t\t\t<\/div>\n\t\t\t\t\t<\/div>\n\t\t\t\t<\/div>\n\t\t<div class=\"elementor-element elementor-element-3875c7a e-grid e-con-boxed e-con e-parent\" data-id=\"3875c7a\" data-element_type=\"container\">\n\t\t\t\t\t<div class=\"e-con-inner\">\n\t\t\t\t<div class=\"elementor-element elementor-element-deb81c0 elementor-widget elementor-widget-heading\" data-id=\"deb81c0\" data-element_type=\"widget\" data-widget_type=\"heading.default\">\n\t\t\t\t\t<h2 class=\"elementor-heading-title elementor-size-default\">Vak\u0131fkent Mah.M.h.\u015f.\u00fc Mehmet Esin Cad.Eren Apt.<br>Merkez\/\u015e\u0131rnak<\/h2>\t\t\t\t<\/div>\n\t\t\t\t<div class=\"elementor-element elementor-element-7be892d elementor-widget elementor-widget-heading\" data-id=\"7be892d\" data-element_type=\"widget\" data-widget_type=\"heading.default\">\n\t\t\t\t\t<h2 class=\"elementor-heading-title elementor-size-default\">Tel:+90 532763 9321\n\n\nTel:+90    532345 2201<\/h2>\t\t\t\t<\/div>\n\t\t\t\t\t<\/div>\n\t\t\t\t<\/div>\n\t\t<div class=\"elementor-element elementor-element-b9f7a45 e-flex e-con-boxed e-con e-parent\" data-id=\"b9f7a45\" data-element_type=\"container\">\n\t\t\t\t\t<div class=\"e-con-inner\">\n\t\t\t\t<div class=\"elementor-element elementor-element-f8ed0e3 elementor-widget elementor-widget-google_maps\" data-id=\"f8ed0e3\" data-element_type=\"widget\" data-widget_type=\"google_maps.default\">\n\t\t\t\t\t\t\t<div class=\"elementor-custom-embed\">\n\t\t\t<iframe loading=\"lazy\"\n\t\t\t\t\tsrc=\"https:\/\/maps.google.com\/maps?q=%C5%9EIRNAK&#038;t=m&#038;z=15&#038;output=embed&#038;iwloc=near\"\n\t\t\t\t\ttitle=\"\u015eIRNAK\"\n\t\t\t\t\taria-label=\"\u015eIRNAK\"\n\t\t\t><\/iframe>\n\t\t<\/div>\n\t\t\t\t\t\t<\/div>\n\t\t\t\t\t<\/div>\n\t\t\t\t<\/div>\n\t\t\t\t<\/div>\n\t\t","protected":false},"excerpt":{"rendered":"<p>B\u0130ZE ULA\u015eIN Vak\u0131fkent Mah.M.h.\u015f.\u00fc Mehmet Esin Cad.Eren Apt.Merkez\/\u015e\u0131rnak Tel:+90 532763 9321 Tel:+90 532345 2201<\/p>\n","protected":false},"author":1,"featured_media":0,"parent":0,"menu_order":0,"comment_status":"closed","ping_status":"closed","template":"","meta":{"saved_in_kubio":false,"footnotes":""},"class_list":["post-81","page","type-page","status-publish","hentry"],"kubio_ai_page_context":{"short_desc":"","purpose":"general"},"_links":{"self":[{"href":"https:\/\/bestezemin.com.tr\/index.php\/wp-json\/wp\/v2\/pages\/81","targetHints":{"allow":["GET"]}}],"collection":[{"href":"https:\/\/bestezemin.com.tr\/index.php\/wp-json\/wp\/v2\/pages"}],"about":[{"href":"https:\/\/bestezemin.com.tr\/index.php\/wp-json\/wp\/v2\/types\/page"}],"author":[{"embeddable":true,"href":"https:\/\/bestezemin.com.tr\/index.php\/wp-json\/wp\/v2\/users\/1"}],"replies":[{"embeddable":true,"href":"https:\/\/bestezemin.com.tr\/index.php\/wp-json\/wp\/v2\/comments?post=81"}],"version-history":[{"count":24,"href":"https:\/\/bestezemin.com.tr\/index.php\/wp-json\/wp\/v2\/pages\/81\/revisions"}],"predecessor-version":[{"id":285,"href":"https:\/\/bestezemin.com.tr\/index.php\/wp-json\/wp\/v2\/pages\/81\/revisions\/285"}],"wp:attachment":[{"href":"https:\/\/bestezemin.com.tr\/index.php\/wp-json\/wp\/v2\/media?parent=81"}],"curies":[{"name":"wp","href":"https:\/\/api.w.org\/{rel}","templated":true}]}}